{"id":58,"date":"2019-07-03T19:19:48","date_gmt":"2019-07-03T19:19:48","guid":{"rendered":"https:\/\/adria-boats.com\/?page_id=58"},"modified":"2025-06-30T11:50:46","modified_gmt":"2025-06-30T11:50:46","slug":"impressum","status":"publish","type":"page","link":"https:\/\/adria-boats.com\/hr\/impressum\/","title":{"rendered":"Impresum"},"content":{"rendered":"<p>[et_pb_section fb_built=&#8221;1&#8243; _builder_version=&#8221;4.16&#8243; global_colors_info=&#8221;{}&#8221;][et_pb_row _builder_version=&#8221;4.16&#8243; background_size=&#8221;initial&#8221; background_position=&#8221;top_left&#8221; background_repeat=&#8221;repeat&#8221; global_colors_info=&#8221;{}&#8221;][et_pb_column type=&#8221;4_4&#8243; _builder_version=&#8221;4.16&#8243; custom_padding=&#8221;|||&#8221; global_colors_info=&#8221;{}&#8221; custom_padding__hover=&#8221;|||&#8221;][et_pb_text _builder_version=&#8221;4.27.4&#8243; hover_enabled=&#8221;0&#8243; z_index_tablet=&#8221;500&#8243; text_text_shadow_horizontal_length_tablet=&#8221;0px&#8221; text_text_shadow_vertical_length_tablet=&#8221;0px&#8221; text_text_shadow_blur_strength_tablet=&#8221;1px&#8221; link_text_shadow_horizontal_length_tablet=&#8221;0px&#8221; link_text_shadow_vertical_length_tablet=&#8221;0px&#8221; link_text_shadow_blur_strength_tablet=&#8221;1px&#8221; ul_text_shadow_horizontal_length_tablet=&#8221;0px&#8221; ul_text_shadow_vertical_length_tablet=&#8221;0px&#8221; ul_text_shadow_blur_strength_tablet=&#8221;1px&#8221; ol_text_shadow_horizontal_length_tablet=&#8221;0px&#8221; ol_text_shadow_vertical_length_tablet=&#8221;0px&#8221; ol_text_shadow_blur_strength_tablet=&#8221;1px&#8221; quote_text_shadow_horizontal_length_tablet=&#8221;0px&#8221; quote_text_shadow_vertical_length_tablet=&#8221;0px&#8221; quote_text_shadow_blur_strength_tablet=&#8221;1px&#8221; header_text_shadow_horizontal_length_tablet=&#8221;0px&#8221; header_text_shadow_vertical_length_tablet=&#8221;0px&#8221; header_text_shadow_blur_strength_tablet=&#8221;1px&#8221; header_2_text_shadow_horizontal_length_tablet=&#8221;0px&#8221; header_2_text_shadow_vertical_length_tablet=&#8221;0px&#8221; header_2_text_shadow_blur_strength_tablet=&#8221;1px&#8221; header_3_text_shadow_horizontal_length_tablet=&#8221;0px&#8221; header_3_text_shadow_vertical_length_tablet=&#8221;0px&#8221; header_3_text_shadow_blur_strength_tablet=&#8221;1px&#8221; header_4_text_shadow_horizontal_length_tablet=&#8221;0px&#8221; header_4_text_shadow_vertical_length_tablet=&#8221;0px&#8221; header_4_text_shadow_blur_strength_tablet=&#8221;1px&#8221; header_5_text_shadow_horizontal_length_tablet=&#8221;0px&#8221; header_5_text_shadow_vertical_length_tablet=&#8221;0px&#8221; header_5_text_shadow_blur_strength_tablet=&#8221;1px&#8221; header_6_text_shadow_horizontal_length_tablet=&#8221;0px&#8221; header_6_text_shadow_vertical_length_tablet=&#8221;0px&#8221; header_6_text_shadow_blur_strength_tablet=&#8221;1px&#8221; box_shadow_horizontal_tablet=&#8221;0px&#8221; box_shadow_vertical_tablet=&#8221;0px&#8221; box_shadow_blur_tablet=&#8221;40px&#8221; box_shadow_spread_tablet=&#8221;0px&#8221; global_colors_info=&#8221;{}&#8221; sticky_enabled=&#8221;0&#8243;]<\/p>\n<p><span style=\"font-weight: 400;\">hello@adria-boats.com<\/span><\/p>\n<p><span style=\"font-weight: 400;\">+385 99 7863 624<\/span><\/p>\n<p><strong>SAILING 4 YOU d.o.o. za usluge i turisti\u010dka agencija<\/strong><\/p>\n<p><span style=\"font-weight: 400;\">Put kapele 1, 22203 Podglavica<\/span><\/p>\n<p><span style=\"font-weight: 400;\">Direktor: Laura \u0160eri\u0107<\/span><\/p>\n<p><span style=\"font-weight: 400;\">OIB: 54300723368<\/span><\/p>\n<p><span style=\"font-weight: 400;\">\u017diro ra\u010dun: HR2724020061100929075<\/span><\/p>\n<ul>\n<li style=\"font-weight: 400;\" aria-level=\"1\"><span style=\"font-weight: 400;\">Trgova\u010dki sud u Zadru Tt-23\/4572-2<\/span><\/li>\n<li style=\"font-weight: 400;\" aria-level=\"1\"><span style=\"font-weight: 400;\">MBS: 110132367<\/span><\/li>\n<li style=\"font-weight: 400;\" aria-level=\"1\"><span style=\"font-weight: 400;\">ZAGREBA\u010cKA BANKA d.d., Trg bana Josipa Jela\u010di\u0107a 10, 10 000 Zagreb<\/span><\/li>\n<li style=\"font-weight: 400;\" aria-level=\"1\"><span style=\"font-weight: 400;\">IBAN: HR1423600001103093915<\/span><\/li>\n<li style=\"font-weight: 400;\" aria-level=\"1\"><span style=\"font-weight: 400;\">Temeljni kapital: 2.500,00 eur upla\u0107en u cijelosti<\/span><\/li>\n<\/ul>\n<p>[\/et_pb_text][\/et_pb_column][\/et_pb_row][\/et_pb_section]<\/p>","protected":false},"excerpt":{"rendered":"<p>hello@adria-boats.com +385 99 7863 624 SAILING 4 YOU d.o.o. za usluge i turisti\u010dka agencija Put kapele 1, 22203 Podglavica Direktor: Laura \u0160eri\u0107 OIB: 54300723368 \u017diro ra\u010dun: HR2724020061100929075 Trgova\u010dki sud u Zadru Tt-23\/4572-2 MBS: 110132367 ZAGREBA\u010cKA BANKA d.d., Trg bana Josipa Jela\u010di\u0107a 10, 10 000 Zagreb IBAN: HR1423600001103093915 Temeljni kapital: 2.500,00 eur upla\u0107en u cijelosti<\/p>","protected":false},"author":1,"featured_media":0,"parent":0,"menu_order":0,"comment_status":"closed","ping_status":"closed","template":"","meta":{"_acf_changed":false,"_et_pb_use_builder":"on","_et_pb_old_content":"","_et_gb_content_width":"","footnotes":""},"class_list":["post-58","page","type-page","status-publish","hentry"],"acf":[],"yoast_head":"<!-- This site is optimized with the Yoast SEO plugin v26.8 - https:\/\/yoast.com\/product\/yoast-seo-wordpress\/ -->\n<title>Impressum - Adria Boats<\/title>\n<meta name=\"robots\" content=\"index, follow, max-snippet:-1, max-image-preview:large, max-video-preview:-1\" \/>\n<link rel=\"canonical\" href=\"https:\/\/adria-boats.com\/hr\/impressum\/\" \/>\n<meta property=\"og:locale\" content=\"hr_HR\" \/>\n<meta property=\"og:type\" content=\"article\" \/>\n<meta property=\"og:title\" content=\"Impressum - Adria Boats\" \/>\n<meta property=\"og:description\" content=\"hello@adria-boats.com +385 99 7863 624 SAILING 4 YOU d.o.o. za usluge i turisti\u010dka agencija Put kapele 1, 22203 Podglavica Direktor: Laura \u0160eri\u0107 OIB: 54300723368 \u017diro ra\u010dun: HR2724020061100929075 Trgova\u010dki sud u Zadru Tt-23\/4572-2 MBS: 110132367 ZAGREBA\u010cKA BANKA d.d., Trg bana Josipa Jela\u010di\u0107a 10, 10 000 Zagreb IBAN: HR1423600001103093915 Temeljni kapital: 2.500,00 eur upla\u0107en u cijelosti\" \/>\n<meta property=\"og:url\" content=\"https:\/\/adria-boats.com\/hr\/impressum\/\" \/>\n<meta property=\"og:site_name\" content=\"Adria Boats\" \/>\n<meta property=\"article:modified_time\" content=\"2025-06-30T11:50:46+00:00\" \/>\n<meta name=\"twitter:card\" content=\"summary_large_image\" \/>\n<meta name=\"twitter:label1\" content=\"Procijenjeno vrijeme \u010ditanja\" \/>\n\t<meta name=\"twitter:data1\" content=\"1 minuta\" \/>\n<script type=\"application\/ld+json\" class=\"yoast-schema-graph\">{\"@context\":\"https:\/\/schema.org\",\"@graph\":[{\"@type\":\"WebPage\",\"@id\":\"https:\/\/adria-boats.com\/impressum\/\",\"url\":\"https:\/\/adria-boats.com\/impressum\/\",\"name\":\"Impressum - Adria Boats\",\"isPartOf\":{\"@id\":\"https:\/\/adria-boats.com\/#website\"},\"datePublished\":\"2019-07-03T19:19:48+00:00\",\"dateModified\":\"2025-06-30T11:50:46+00:00\",\"breadcrumb\":{\"@id\":\"https:\/\/adria-boats.com\/impressum\/#breadcrumb\"},\"inLanguage\":\"hr\",\"potentialAction\":[{\"@type\":\"ReadAction\",\"target\":[\"https:\/\/adria-boats.com\/impressum\/\"]}]},{\"@type\":\"BreadcrumbList\",\"@id\":\"https:\/\/adria-boats.com\/impressum\/#breadcrumb\",\"itemListElement\":[{\"@type\":\"ListItem\",\"position\":1,\"name\":\"Home\",\"item\":\"https:\/\/adria-boats.com\/\"},{\"@type\":\"ListItem\",\"position\":2,\"name\":\"Impressum\"}]},{\"@type\":\"WebSite\",\"@id\":\"https:\/\/adria-boats.com\/#website\",\"url\":\"https:\/\/adria-boats.com\/\",\"name\":\"Adria Boats\",\"description\":\"\u0160ibenik Boat Rental\",\"potentialAction\":[{\"@type\":\"SearchAction\",\"target\":{\"@type\":\"EntryPoint\",\"urlTemplate\":\"https:\/\/adria-boats.com\/?s={search_term_string}\"},\"query-input\":{\"@type\":\"PropertyValueSpecification\",\"valueRequired\":true,\"valueName\":\"search_term_string\"}}],\"inLanguage\":\"hr\"}]}<\/script>\n<!-- \/ Yoast SEO plugin. -->","yoast_head_json":{"title":"Impressum - Adria Boats","robots":{"index":"index","follow":"follow","max-snippet":"max-snippet:-1","max-image-preview":"max-image-preview:large","max-video-preview":"max-video-preview:-1"},"canonical":"https:\/\/adria-boats.com\/hr\/impressum\/","og_locale":"hr_HR","og_type":"article","og_title":"Impressum - Adria Boats","og_description":"hello@adria-boats.com +385 99 7863 624 SAILING 4 YOU d.o.o. za usluge i turisti\u010dka agencija Put kapele 1, 22203 Podglavica Direktor: Laura \u0160eri\u0107 OIB: 54300723368 \u017diro ra\u010dun: HR2724020061100929075 Trgova\u010dki sud u Zadru Tt-23\/4572-2 MBS: 110132367 ZAGREBA\u010cKA BANKA d.d., Trg bana Josipa Jela\u010di\u0107a 10, 10 000 Zagreb IBAN: HR1423600001103093915 Temeljni kapital: 2.500,00 eur upla\u0107en u cijelosti","og_url":"https:\/\/adria-boats.com\/hr\/impressum\/","og_site_name":"Adria Boats","article_modified_time":"2025-06-30T11:50:46+00:00","twitter_card":"summary_large_image","twitter_misc":{"Procijenjeno vrijeme \u010ditanja":"1 minuta"},"schema":{"@context":"https:\/\/schema.org","@graph":[{"@type":"WebPage","@id":"https:\/\/adria-boats.com\/impressum\/","url":"https:\/\/adria-boats.com\/impressum\/","name":"Impressum - Adria Boats","isPartOf":{"@id":"https:\/\/adria-boats.com\/#website"},"datePublished":"2019-07-03T19:19:48+00:00","dateModified":"2025-06-30T11:50:46+00:00","breadcrumb":{"@id":"https:\/\/adria-boats.com\/impressum\/#breadcrumb"},"inLanguage":"hr","potentialAction":[{"@type":"ReadAction","target":["https:\/\/adria-boats.com\/impressum\/"]}]},{"@type":"BreadcrumbList","@id":"https:\/\/adria-boats.com\/impressum\/#breadcrumb","itemListElement":[{"@type":"ListItem","position":1,"name":"Home","item":"https:\/\/adria-boats.com\/"},{"@type":"ListItem","position":2,"name":"Impressum"}]},{"@type":"WebSite","@id":"https:\/\/adria-boats.com\/#website","url":"https:\/\/adria-boats.com\/","name":"Adria Boats","description":"Najam brodova u \u0160ibeniku","potentialAction":[{"@type":"SearchAction","target":{"@type":"EntryPoint","urlTemplate":"https:\/\/adria-boats.com\/?s={search_term_string}"},"query-input":{"@type":"PropertyValueSpecification","valueRequired":true,"valueName":"search_term_string"}}],"inLanguage":"hr"}]}},"_links":{"self":[{"href":"https:\/\/adria-boats.com\/hr\/wp-json\/wp\/v2\/pages\/58","targetHints":{"allow":["GET"]}}],"collection":[{"href":"https:\/\/adria-boats.com\/hr\/wp-json\/wp\/v2\/pages"}],"about":[{"href":"https:\/\/adria-boats.com\/hr\/wp-json\/wp\/v2\/types\/page"}],"author":[{"embeddable":true,"href":"https:\/\/adria-boats.com\/hr\/wp-json\/wp\/v2\/users\/1"}],"replies":[{"embeddable":true,"href":"https:\/\/adria-boats.com\/hr\/wp-json\/wp\/v2\/comments?post=58"}],"version-history":[{"count":3,"href":"https:\/\/adria-boats.com\/hr\/wp-json\/wp\/v2\/pages\/58\/revisions"}],"predecessor-version":[{"id":2315,"href":"https:\/\/adria-boats.com\/hr\/wp-json\/wp\/v2\/pages\/58\/revisions\/2315"}],"wp:attachment":[{"href":"https:\/\/adria-boats.com\/hr\/wp-json\/wp\/v2\/media?parent=58"}],"curies":[{"name":"wp","href":"https:\/\/api.w.org\/{rel}","templated":true}]}}